{"id":326,"date":"2025-11-10T00:51:39","date_gmt":"2025-11-10T00:51:39","guid":{"rendered":"http:\/\/bilisimdunyasi.org.tr\/toplanti\/?page_id=326"},"modified":"2025-11-27T11:48:11","modified_gmt":"2025-11-27T11:48:11","slug":"sekreterya","status":"publish","type":"page","link":"https:\/\/anadolumotifleri.org.tr\/index.php\/en\/sekreterya\/","title":{"rendered":"Sekreterya"},"content":{"rendered":"\n<p><strong>Ar\u015f. G\u00f6r. Abdurrahman Yasin Y\u0130\u011e\u0130T<\/strong>\u00a0&#8211; Mersin \u00dcniversitesi<\/p>\n\n\n\n<p><strong>Sevim \u0130\u015eB\u0130L\u0130R<\/strong> &#8211; Mersin Olgunla\u015fma Enstit\u00fcs\u00fc<\/p>\n\n\n\n<p><strong>Tecelli Ayd\u0131n G\u00d6RG\u00dcL\u00dc<\/strong> &#8211; Mersin Olgunla\u015fma Enstit\u00fcs\u00fc<\/p>\n\n\n\n<p><\/p>\n\n\n\n<p><strong>\u0130LET\u0130\u015e\u0130M : <\/strong>bilgi@anadolumotifleri.org.tr<\/p>\n\n\n\n<p><\/p>\n","protected":false},"excerpt":{"rendered":"<p>Ar\u015f. G\u00f6r. Abdurrahman Yasin Y\u0130\u011e\u0130T\u00a0&#8211; Mersin \u00dcniversitesi Sevim \u0130\u015eB\u0130L\u0130R &#8211; Mersin Olgunla\u015fma Enstit\u00fcs\u00fc Tecelli Ayd\u0131n G\u00d6RG\u00dcL\u00dc &#8211; Mersin Olgunla\u015fma Enstit\u00fcs\u00fc \u0130LET\u0130\u015e\u0130M : bilgi@anadolumotifleri.org.tr<\/p>\n","protected":false},"author":1,"featured_media":0,"parent":0,"menu_order":0,"comment_status":"closed","ping_status":"closed","template":"","meta":{"footnotes":""},"class_list":["post-326","page","type-page","status-publish","hentry"],"_links":{"self":[{"href":"https:\/\/anadolumotifleri.org.tr\/index.php\/wp-json\/wp\/v2\/pages\/326","targetHints":{"allow":["GET"]}}],"collection":[{"href":"https:\/\/anadolumotifleri.org.tr\/index.php\/wp-json\/wp\/v2\/pages"}],"about":[{"href":"https:\/\/anadolumotifleri.org.tr\/index.php\/wp-json\/wp\/v2\/types\/page"}],"author":[{"embeddable":true,"href":"https:\/\/anadolumotifleri.org.tr\/index.php\/wp-json\/wp\/v2\/users\/1"}],"replies":[{"embeddable":true,"href":"https:\/\/anadolumotifleri.org.tr\/index.php\/wp-json\/wp\/v2\/comments?post=326"}],"version-history":[{"count":5,"href":"https:\/\/anadolumotifleri.org.tr\/index.php\/wp-json\/wp\/v2\/pages\/326\/revisions"}],"predecessor-version":[{"id":717,"href":"https:\/\/anadolumotifleri.org.tr\/index.php\/wp-json\/wp\/v2\/pages\/326\/revisions\/717"}],"wp:attachment":[{"href":"https:\/\/anadolumotifleri.org.tr\/index.php\/wp-json\/wp\/v2\/media?parent=326"}],"curies":[{"name":"wp","href":"https:\/\/api.w.org\/{rel}","templated":true}]}}