{"id":330,"date":"2025-11-10T00:52:50","date_gmt":"2025-11-10T00:52:50","guid":{"rendered":"http:\/\/bilisimdunyasi.org.tr\/toplanti\/?page_id=330"},"modified":"2025-11-28T08:02:25","modified_gmt":"2025-11-28T08:02:25","slug":"sempozyum-yeri","status":"publish","type":"page","link":"https:\/\/anadolumotifleri.org.tr\/index.php\/en\/sempozyum-yeri\/","title":{"rendered":"SEMPOZYUM YER\u0130"},"content":{"rendered":"\n<p><\/p>\n\n\n\n<p class=\"has-text-align-center\">Sempozyum Mersin \u00dcniversitesi&#8217;nde ger\u00e7ekle\u015ftirilecektir. <\/p>\n\n\n\n<p class=\"has-text-align-center\">Adres ve harita bilgilerine a\u015fa\u011f\u0131dan ula\u015fabilirsiniz.<\/p>\n\n\n\n<p><\/p>\n\n\n\n<p class=\"has-text-align-center\"><img loading=\"lazy\" decoding=\"async\" width=\"30\" height=\"30\" srcset=\"https:\/\/bobcatsss2025.org.tr\/wp-content\/uploads\/2024\/11\/pngegg-4.png 540w, https:\/\/bobcatsss2025.org.tr\/wp-content\/uploads\/2024\/11\/pngegg-4-300x300.png 300w, https:\/\/bobcatsss2025.org.tr\/wp-content\/uploads\/2024\/11\/pngegg-4-150x150.png 150w, https:\/\/bobcatsss2025.org.tr\/wp-content\/uploads\/2024\/11\/pngegg-4-100x100.png 100w\" src=\"https:\/\/bobcatsss2025.org.tr\/wp-content\/uploads\/2024\/11\/pngegg-4.png\" alt=\"\">  Mersin \u00dcniversitesi<\/p>\n\n\n\n<p class=\"has-text-align-center\">\u00c7iftlikk\u00f6y, Mersin \u00dcnv. Yolu Mersin \u00dcniversitesi \u00c7iftlikk\u00f6y Kamp\u00fcs\u00fc, 33110 Yeni\u015fehir\/Mersin<\/p>\n\n\n\n<p><\/p>\n\n\n\n<figure class=\"wp-block-image size-full is-resized has-custom-border is-style-rounded\"><img loading=\"lazy\" decoding=\"async\" width=\"760\" height=\"770\" src=\"https:\/\/anadolumotifleri.org.tr\/wp-content\/uploads\/2025\/11\/Harita2-1.jpg\" alt=\"\" class=\"wp-image-797\" style=\"border-radius:30px;width:1170px;height:auto\" srcset=\"https:\/\/anadolumotifleri.org.tr\/wp-content\/uploads\/2025\/11\/Harita2-1.jpg 760w, https:\/\/anadolumotifleri.org.tr\/wp-content\/uploads\/2025\/11\/Harita2-1-296x300.jpg 296w\" sizes=\"auto, (max-width: 760px) 100vw, 760px\" \/><\/figure>\n","protected":false},"excerpt":{"rendered":"<p>Sempozyum Mersin \u00dcniversitesi&#8217;nde ger\u00e7ekle\u015ftirilecektir. Adres ve harita bilgilerine a\u015fa\u011f\u0131dan ula\u015fabilirsiniz. Mersin \u00dcniversitesi \u00c7iftlikk\u00f6y, Mersin \u00dcnv. Yolu Mersin \u00dcniversitesi \u00c7iftlikk\u00f6y Kamp\u00fcs\u00fc, 33110 Yeni\u015fehir\/Mersin<\/p>\n","protected":false},"author":1,"featured_media":0,"parent":0,"menu_order":0,"comment_status":"closed","ping_status":"closed","template":"","meta":{"footnotes":""},"class_list":["post-330","page","type-page","status-publish","hentry"],"_links":{"self":[{"href":"https:\/\/anadolumotifleri.org.tr\/index.php\/wp-json\/wp\/v2\/pages\/330","targetHints":{"allow":["GET"]}}],"collection":[{"href":"https:\/\/anadolumotifleri.org.tr\/index.php\/wp-json\/wp\/v2\/pages"}],"about":[{"href":"https:\/\/anadolumotifleri.org.tr\/index.php\/wp-json\/wp\/v2\/types\/page"}],"author":[{"embeddable":true,"href":"https:\/\/anadolumotifleri.org.tr\/index.php\/wp-json\/wp\/v2\/users\/1"}],"replies":[{"embeddable":true,"href":"https:\/\/anadolumotifleri.org.tr\/index.php\/wp-json\/wp\/v2\/comments?post=330"}],"version-history":[{"count":5,"href":"https:\/\/anadolumotifleri.org.tr\/index.php\/wp-json\/wp\/v2\/pages\/330\/revisions"}],"predecessor-version":[{"id":798,"href":"https:\/\/anadolumotifleri.org.tr\/index.php\/wp-json\/wp\/v2\/pages\/330\/revisions\/798"}],"wp:attachment":[{"href":"https:\/\/anadolumotifleri.org.tr\/index.php\/wp-json\/wp\/v2\/media?parent=330"}],"curies":[{"name":"wp","href":"https:\/\/api.w.org\/{rel}","templated":true}]}}