{"id":343,"date":"2025-11-10T00:55:49","date_gmt":"2025-11-10T00:55:49","guid":{"rendered":"http:\/\/bilisimdunyasi.org.tr\/toplanti\/?page_id=343"},"modified":"2026-04-03T12:21:44","modified_gmt":"2026-04-03T12:21:44","slug":"gezi","status":"publish","type":"page","link":"https:\/\/anadolumotifleri.org.tr\/index.php\/gezi\/","title":{"rendered":"GEZ\u0130"},"content":{"rendered":"\n<p><strong>Sempozyum gezimiz 16 May\u0131s 2026&#8217;da planlanmaktad\u0131r.<\/strong><\/p>\n\n\n\n<p><strong>1) MERS\u0130N SAH\u0130L HATTI \u2013 KIZKALES\u0130 \/ CENNET\u2013CEHENNEM ODAKLI ROTA<\/strong><\/p>\n\n\n\n<p><strong>Elaiussa Sebaste Antik Kenti:<\/strong><\/p>\n\n\n\n<p>Akdeniz k\u0131y\u0131s\u0131nda konumlanan bu antik yerle\u015fim, Roma d\u00f6neminde geli\u015fmi\u015f bir kent dokusunu yans\u0131t\u0131r. Alanda tiyatro, tap\u0131nak, agora, bazilika, nekropol, hamamlar ve \u00fcretim alanlar\u0131 gibi farkl\u0131 i\u015flevlere ait kal\u0131nt\u0131lar g\u00f6r\u00fclebilir; bu \u00e7e\u015fitlilik, kentin yaln\u0131zca \u201can\u0131tsal\u201d de\u011fil ayn\u0131 zamanda g\u00fcnl\u00fck ya\u015famla ili\u015fkili katmanlar\u0131n\u0131 da hissettirir. Deniz manzaras\u0131yla birle\u015fen arkeolojik peyzaj, foto\u011fraf ve k\u0131sa y\u00fcr\u00fcy\u00fc\u015fler i\u00e7in de \u00e7ok elveri\u015flidir.<\/p>\n\n\n\n<p><\/p>\n\n\n\n<p><strong>K\u0131zkalesi (Deniz Kalesi):<\/strong><\/p>\n\n\n\n<p>Mersin denince ilk akla gelen kent imgelerinden biri olan K\u0131zkalesi, Korykos Antik Kenti\u2019nin deniz kalesi olarak bilinir ve sahile yak\u0131n k\u00fc\u00e7\u00fck bir adac\u0131k \u00fczerinde y\u00fckselir. K\u0131y\u0131dan yakla\u015f\u0131k 600 metre a\u00e7\u0131kta olmas\u0131, kaleyi hem g\u00f6rsel olarak ikonik k\u0131lar. Kale anlat\u0131lar\u0131 ve orta\u00e7a\u011f Akdeniz savunma mimarisiyle ilgilenenler i\u00e7in de g\u00fc\u00e7l\u00fc bir durakt\u0131r.<\/p>\n\n\n\n<p><strong>Narl\u0131kuyu Mozaik M\u00fczesi (\u00dc\u00e7 G\u00fczeller):<\/strong><\/p>\n\n\n\n<p>Narl\u0131kuyu\u2019daki bu k\u00fc\u00e7\u00fck ama \u00e7ok k\u0131ymetli m\u00fczede, Roma d\u00f6nemi hamam yap\u0131s\u0131na ait taban mozai\u011fi korunur; mozai\u011fin <strong>\u00dc\u00e7 G\u00fczeller<\/strong> tasvirini i\u00e7ermesi, buray\u0131 b\u00f6lgenin en bilinen g\u00f6rsel duraklar\u0131ndan biri h\u00e2line getirir. Resm\u00ee bilgilere g\u00f6re mozai\u011fin bulundu\u011fu alan 1975\u201376 y\u0131llar\u0131nda koruma ama\u00e7l\u0131 yap\u0131 i\u00e7ine al\u0131narak m\u00fcze haline getirilmi\u015ftir; ziyaret k\u0131sa s\u00fcrse de \u201ctek eser etraf\u0131nda yo\u011funla\u015fan\u201d m\u00fcze deneyimi \u00e7ok etkilidir.<\/p>\n\n\n\n<p><strong>Cennet\u2013Cehennem Obruklar\u0131:<\/strong><\/p>\n\n\n\n<p>Narl\u0131kuyu yak\u0131n\u0131ndaki bu iki b\u00fcy\u00fck karst \u00e7\u00f6k\u00fcnt\u00fcs\u00fc (obruk), yer alt\u0131 sular\u0131n\u0131n kire\u00e7ta\u015f\u0131n\u0131 a\u015f\u0131nd\u0131rmas\u0131 ve tavan\u0131n \u00e7\u00f6kmesiyle olu\u015fan do\u011fal bir jeomorfoloji \u00f6rne\u011fidir; sahada iki ayr\u0131 \u00e7\u00f6k\u00fcnt\u00fcy\u00fc kar\u015f\u0131la\u015ft\u0131rarak g\u00f6rmek m\u00fcmk\u00fcn olur. Cennet \u00e7\u00f6k\u00fc\u011f\u00fcne inen merdivenlerin basamak say\u0131s\u0131 ve i\u00e7erideki k\u00fc\u00e7\u00fck kilise gibi ayr\u0131nt\u0131lar nedeniyle rahat ayakkab\u0131, su ve ini\u015f-\u00e7\u0131k\u0131\u015f temposunu planlamak olduk\u00e7a \u00f6nemlidir.<\/p>\n\n\n\n<p><\/p>\n\n\n\n<p><strong>Ast\u0131m Ma\u011faras\u0131:<\/strong> Cennet\u2013Cehenneme \u00e7ok yak\u0131n konumdaki Ast\u0131m Ma\u011faras\u0131, sark\u0131t-dikit olu\u015fumlar\u0131 ve serin\/nemli ma\u011fara atmosferiyle \u00f6ne \u00e7\u0131kar. Resm\u00ee kaynaklarda ma\u011faran\u0131n, havas\u0131n\u0131n ast\u0131m hastalar\u0131na iyi geldi\u011fine dair yayg\u0131n bir inan\u0131\u015fla an\u0131ld\u0131\u011f\u0131 belirtilir; i\u00e7eride y\u00fcr\u00fcy\u00fc\u015f rotas\u0131 k\u0131sa olsa da ma\u011fara zemini kaygan olabilece\u011fi i\u00e7in dikkatli hareket etmek gerekir.<\/p>\n\n\n\n<hr class=\"wp-block-separator has-alpha-channel-opacity\"\/>\n\n\n\n<figure class=\"wp-block-gallery has-nested-images columns-default is-cropped wp-block-gallery-1 is-layout-flex wp-block-gallery-is-layout-flex\">\n<figure class=\"wp-block-image size-large\"><img loading=\"lazy\" decoding=\"async\" width=\"311\" height=\"186\" data-id=\"925\" src=\"https:\/\/anadolumotifleri.org.tr\/wp-content\/uploads\/2025\/12\/image.png\" alt=\"\" class=\"wp-image-925\" srcset=\"https:\/\/anadolumotifleri.org.tr\/wp-content\/uploads\/2025\/12\/image.png 311w, https:\/\/anadolumotifleri.org.tr\/wp-content\/uploads\/2025\/12\/image-300x179.png 300w\" sizes=\"auto, (max-width: 311px) 100vw, 311px\" \/><\/figure>\n\n\n\n<figure class=\"wp-block-image size-large\"><img loading=\"lazy\" decoding=\"async\" width=\"277\" height=\"184\" data-id=\"926\" src=\"https:\/\/anadolumotifleri.org.tr\/wp-content\/uploads\/2025\/12\/image-1.png\" alt=\"\" class=\"wp-image-926\"\/><\/figure>\n\n\n\n<figure class=\"wp-block-image size-large\"><img loading=\"lazy\" decoding=\"async\" width=\"330\" height=\"184\" data-id=\"929\" src=\"https:\/\/anadolumotifleri.org.tr\/wp-content\/uploads\/2025\/12\/image-4.png\" alt=\"\" class=\"wp-image-929\" srcset=\"https:\/\/anadolumotifleri.org.tr\/wp-content\/uploads\/2025\/12\/image-4.png 330w, https:\/\/anadolumotifleri.org.tr\/wp-content\/uploads\/2025\/12\/image-4-300x167.png 300w\" sizes=\"auto, (max-width: 330px) 100vw, 330px\" \/><\/figure>\n<\/figure>\n","protected":false},"excerpt":{"rendered":"<p>Sempozyum gezimiz 16 May\u0131s 2026&#8217;da planlanmaktad\u0131r. 1) MERS\u0130N SAH\u0130L HATTI \u2013 KIZKALES\u0130 \/ CENNET\u2013CEHENNEM ODAKLI ROTA Elaiussa Sebaste Antik Kenti: Akdeniz k\u0131y\u0131s\u0131nda konumlanan bu antik yerle\u015fim, Roma d\u00f6neminde geli\u015fmi\u015f bir kent dokusunu yans\u0131t\u0131r. Alanda tiyatro, tap\u0131nak, agora, bazilika, nekropol, hamamlar ve \u00fcretim alanlar\u0131 gibi farkl\u0131 i\u015flevlere ait kal\u0131nt\u0131lar g\u00f6r\u00fclebilir; bu \u00e7e\u015fitlilik, kentin yaln\u0131zca \u201can\u0131tsal\u201d de\u011fil [&hellip;]<\/p>\n","protected":false},"author":1,"featured_media":0,"parent":0,"menu_order":0,"comment_status":"closed","ping_status":"closed","template":"","meta":{"footnotes":""},"class_list":["post-343","page","type-page","status-publish","hentry"],"_links":{"self":[{"href":"https:\/\/anadolumotifleri.org.tr\/index.php\/wp-json\/wp\/v2\/pages\/343","targetHints":{"allow":["GET"]}}],"collection":[{"href":"https:\/\/anadolumotifleri.org.tr\/index.php\/wp-json\/wp\/v2\/pages"}],"about":[{"href":"https:\/\/anadolumotifleri.org.tr\/index.php\/wp-json\/wp\/v2\/types\/page"}],"author":[{"embeddable":true,"href":"https:\/\/anadolumotifleri.org.tr\/index.php\/wp-json\/wp\/v2\/users\/1"}],"replies":[{"embeddable":true,"href":"https:\/\/anadolumotifleri.org.tr\/index.php\/wp-json\/wp\/v2\/comments?post=343"}],"version-history":[{"count":7,"href":"https:\/\/anadolumotifleri.org.tr\/index.php\/wp-json\/wp\/v2\/pages\/343\/revisions"}],"predecessor-version":[{"id":964,"href":"https:\/\/anadolumotifleri.org.tr\/index.php\/wp-json\/wp\/v2\/pages\/343\/revisions\/964"}],"wp:attachment":[{"href":"https:\/\/anadolumotifleri.org.tr\/index.php\/wp-json\/wp\/v2\/media?parent=343"}],"curies":[{"name":"wp","href":"https:\/\/api.w.org\/{rel}","templated":true}]}}