{"id":346,"date":"2025-11-10T00:57:06","date_gmt":"2025-11-10T00:57:06","guid":{"rendered":"http:\/\/bilisimdunyasi.org.tr\/toplanti\/?page_id=346"},"modified":"2025-12-16T09:57:26","modified_gmt":"2025-12-16T09:57:26","slug":"konaklama","status":"publish","type":"page","link":"https:\/\/anadolumotifleri.org.tr\/index.php\/en\/konaklama\/","title":{"rendered":"Konaklama"},"content":{"rendered":"\n<p><strong>Mersin Suphi \u00d6ner \u00d6\u011fretmenevi: <\/strong>A. Menderes Bulv. Dumlup\u0131nar Mh. Dumlup\u0131nar Sk. Yeni\u015fehir\/Mersin<strong><\/strong><\/p>\n\n\n\n<p>Telefon 1:&nbsp;<a href=\"tel:0(533)%20220-4033\">0(533) 220<\/a> 4033<\/p>\n\n\n\n<p>Telefon 2: <a href=\"tel:05549595706\">0(554)959-5706<\/a><\/p>\n\n\n\n<p><strong>Mersin \u00dcniversiyesi Konukevi:<\/strong> Kamp\u00fcs\u00fc, \u00c7iftlikk\u00f6y \u00dcnv., \u00c7iftlikk\u00f6y, Yeni\u015fehir\/Mersin<\/p>\n\n\n\n<p><strong>Telefon:\u00a0<\/strong>0538 082 08 93<\/p>\n\n\n\n<p>Konaklama \u00fccreti kat\u0131l\u0131mc\u0131lar taraf\u0131ndan kar\u015f\u0131lanacakt\u0131r. \u00d6\u011fretmenevinden \u00fcniversiteye ula\u015f\u0131m \u00fccretsiz olarak taraf\u0131m\u0131zca sa\u011flanacakt\u0131r. Bu nedenle konaklaman\u0131n \u00d6\u011fretmenevinde yap\u0131lmas\u0131 tavsiye edilmektedir.<\/p>\n\n\n\n<p><\/p>\n","protected":false},"excerpt":{"rendered":"<p>Mersin Suphi \u00d6ner \u00d6\u011fretmenevi: A. Menderes Bulv. Dumlup\u0131nar Mh. Dumlup\u0131nar Sk. Yeni\u015fehir\/Mersin Telefon 1:&nbsp;0(533) 220 4033 Telefon 2: 0(554)959-5706 Mersin \u00dcniversiyesi Konukevi: Kamp\u00fcs\u00fc, \u00c7iftlikk\u00f6y \u00dcnv., \u00c7iftlikk\u00f6y, Yeni\u015fehir\/Mersin Telefon:\u00a00538 082 08 93 Konaklama \u00fccreti kat\u0131l\u0131mc\u0131lar taraf\u0131ndan kar\u015f\u0131lanacakt\u0131r. \u00d6\u011fretmenevinden \u00fcniversiteye ula\u015f\u0131m \u00fccretsiz olarak taraf\u0131m\u0131zca sa\u011flanacakt\u0131r. Bu nedenle konaklaman\u0131n \u00d6\u011fretmenevinde yap\u0131lmas\u0131 tavsiye edilmektedir.<\/p>\n","protected":false},"author":1,"featured_media":0,"parent":0,"menu_order":0,"comment_status":"closed","ping_status":"closed","template":"","meta":{"footnotes":""},"class_list":["post-346","page","type-page","status-publish","hentry"],"_links":{"self":[{"href":"https:\/\/anadolumotifleri.org.tr\/index.php\/wp-json\/wp\/v2\/pages\/346","targetHints":{"allow":["GET"]}}],"collection":[{"href":"https:\/\/anadolumotifleri.org.tr\/index.php\/wp-json\/wp\/v2\/pages"}],"about":[{"href":"https:\/\/anadolumotifleri.org.tr\/index.php\/wp-json\/wp\/v2\/types\/page"}],"author":[{"embeddable":true,"href":"https:\/\/anadolumotifleri.org.tr\/index.php\/wp-json\/wp\/v2\/users\/1"}],"replies":[{"embeddable":true,"href":"https:\/\/anadolumotifleri.org.tr\/index.php\/wp-json\/wp\/v2\/comments?post=346"}],"version-history":[{"count":7,"href":"https:\/\/anadolumotifleri.org.tr\/index.php\/wp-json\/wp\/v2\/pages\/346\/revisions"}],"predecessor-version":[{"id":920,"href":"https:\/\/anadolumotifleri.org.tr\/index.php\/wp-json\/wp\/v2\/pages\/346\/revisions\/920"}],"wp:attachment":[{"href":"https:\/\/anadolumotifleri.org.tr\/index.php\/wp-json\/wp\/v2\/media?parent=346"}],"curies":[{"name":"wp","href":"https:\/\/api.w.org\/{rel}","templated":true}]}}