{"id":399,"date":"2025-11-10T18:37:05","date_gmt":"2025-11-10T18:37:05","guid":{"rendered":"http:\/\/bilisimdunyasi.org.tr\/toplanti\/?page_id=399"},"modified":"2026-03-07T15:28:36","modified_gmt":"2026-03-07T15:28:36","slug":"konular","status":"publish","type":"page","link":"https:\/\/anadolumotifleri.org.tr\/index.php\/en\/konular\/","title":{"rendered":"KONULAR"},"content":{"rendered":"\n<div class=\"wp-block-group is-nowrap is-layout-flex wp-container-core-group-is-layout-6c531013 wp-block-group-is-layout-flex\">\n<h2 class=\"wp-block-heading has-text-align-center\" style=\"font-style:normal;font-weight:700\">KONULAR<\/h2>\n<\/div>\n\n\n\n<div class=\"wp-block-columns is-layout-flex wp-container-core-columns-is-layout-28f84493 wp-block-columns-is-layout-flex\">\n<div class=\"wp-block-column is-layout-flow wp-block-column-is-layout-flow\">\n<div class=\"wp-block-columns is-style-default has-background is-layout-flex wp-container-core-columns-is-layout-28f84493 wp-block-columns-is-layout-flex\" style=\"border-radius:18px;background:linear-gradient(220deg,rgb(255,255,255) 72%,rgb(207,230,248) 100%);box-shadow:6px 6px 9px rgba(0, 0, 0, 0.2)\">\n<div class=\"wp-block-column is-vertically-aligned-center is-layout-flow wp-block-column-is-layout-flow\" style=\"flex-basis:33.33%\">\n<figure class=\"wp-block-image aligncenter size-full wp-duotone-secondary\"><img loading=\"lazy\" decoding=\"async\" width=\"100\" height=\"100\" src=\"https:\/\/anadolumotifleri.org.tr\/wp-content\/uploads\/2025\/11\/9.png\" alt=\"\" class=\"wp-image-534\"\/><\/figure>\n<\/div>\n\n\n\n<div class=\"wp-block-column is-layout-flow wp-block-column-is-layout-flow\" style=\"flex-basis:66.66%\">\n<p class=\"has-secondary-accent-text-color has-text-color has-link-color has-large-font-size wp-elements-3419d3bc78fd8ebc6c5235cc23edbf53\"><strong>Tarih, K\u00fclt\u00fcr ve Edebiyat<\/strong><\/p>\n\n\n\n<ul class=\"wp-block-list\">\n<li>Anadolu\u2019nun k\u00fclt\u00fcrel belle\u011finde motiflerin yeri.<\/li>\n\n\n\n<li>Ge\u00e7mi\u015ften g\u00fcn\u00fcm\u00fcze Anadolu\u2019da motiflerin geli\u015fimi ve de\u011fi\u015fimi.<\/li>\n\n\n\n<li>G\u00f6\u00e7lerle Anadolu\u2019ya ta\u015f\u0131nan motif d\u00fcnyas\u0131.<\/li>\n\n\n\n<li>Motiflerin \u0130pek Yolu \u00fczerindeki dola\u015f\u0131m\u0131 ve d\u00f6n\u00fc\u015f\u00fcm\u00fc.<\/li>\n\n\n\n<li>Arkeolojik bulgularda motiflerin simgesel miras\u0131.<\/li>\n\n\n\n<li>Orta Asya\u2013Anadolu sanatsal etkile\u015fim a\u011flar\u0131.<\/li>\n\n\n\n<li>Sanat tarihi perspektifinden estetik ve ikonografi ili\u015fkisi.<\/li>\n\n\n\n<li>Mit, masal, efsane, destan, halk hik\u00e2yeleri, atas\u00f6zleri ve deyimlerde motiflerin yeri.<\/li>\n\n\n\n<li>\u0130nan\u00e7 ve rit\u00fcellerde motiflerin kullan\u0131m\u0131.<\/li>\n\n\n\n<li>Halk oyunlar\u0131, m\u00fczik ve tiyatroda motiflerin temsil bi\u00e7imleri.<\/li>\n\n\n\n<li>Mani, t\u00fcrk\u00fc ve \u015fiirde motiflerin kullan\u0131m\u0131.<\/li>\n\n\n\n<li>S\u00f6zl\u00fc gelene\u011fin simgesel motiflerin analizi.<\/li>\n\n\n\n<li>Motiflerin toplumsal ve k\u00fclt\u00fcrel i\u015flevi.<\/li>\n<\/ul>\n<\/div>\n<\/div>\n\n\n\n<div class=\"wp-block-columns is-style-default has-background is-layout-flex wp-container-core-columns-is-layout-28f84493 wp-block-columns-is-layout-flex\" style=\"border-radius:18px;background:linear-gradient(220deg,rgb(255,255,255) 72%,rgb(207,230,248) 100%);box-shadow:6px 6px 9px rgba(0, 0, 0, 0.2)\">\n<div class=\"wp-block-column is-vertically-aligned-center is-layout-flow wp-block-column-is-layout-flow\" style=\"flex-basis:33.33%\">\n<figure class=\"wp-block-image aligncenter size-large wp-duotone-dark-grayscale\"><img loading=\"lazy\" decoding=\"async\" width=\"100\" height=\"100\" src=\"https:\/\/anadolumotifleri.org.tr\/wp-content\/uploads\/2025\/11\/2.png\" alt=\"\" class=\"wp-image-523\"\/><\/figure>\n<\/div>\n\n\n\n<div class=\"wp-block-column is-layout-flow wp-block-column-is-layout-flow\" style=\"flex-basis:66.66%\">\n<p class=\"has-secondary-accent-text-color has-text-color has-link-color has-large-font-size wp-elements-bbc8b85cc907ff4bd93cd01ef903eb50\"><strong>Geleneksel Sanatlar ve Zanaat<\/strong><\/p>\n\n\n\n<ul class=\"wp-block-list\">\n<li>Tekstil, dokuma, bask\u0131, \u00f6rme, ke\u00e7e, oya, nak\u0131\u015f, giyim-ku\u015fam ve tak\u0131larda motiflerin kullan\u0131m\u0131.<\/li>\n\n\n\n<li>Hal\u0131 ve kilimlerde motiflerin anlam\u0131 ve kompozisyon yap\u0131s\u0131na etkisi.<\/li>\n\n\n\n<li>\u00c7\u00f6mlek\u00e7ilik, seramik, \u00e7ini, cam ve cam alt\u0131 sanatlar\u0131nda motifin rol\u00fc.<\/li>\n\n\n\n<li>Ah\u015fap (naht) ve ta\u015f i\u015f\u00e7ili\u011finde motif uygulamalar\u0131.<\/li>\n\n\n\n<li>Hat, tezhip, minyat\u00fcr ve ebru gibi s\u00fcsleme sanatlar\u0131nda motiflerin bi\u00e7imsel \u00f6zellikleri.<\/li>\n\n\n\n<li>Bak\u0131r, telk\u00e2ri, demir ve b\u0131\u00e7ak gibi maden i\u015f\u00e7ili\u011finde motif gelene\u011fi.<\/li>\n\n\n\n<li>Deri i\u015f\u00e7ili\u011finde motif s\u00fcslemeleri.<\/li>\n\n\n\n<li>Sepet\u00e7ilik ve has\u0131r i\u015f\u00e7ili\u011finde motifsel \u00f6r\u00fcnt\u00fcler.<\/li>\n<\/ul>\n<\/div>\n<\/div>\n\n\n\n<div class=\"wp-block-columns is-style-default has-background is-layout-flex wp-container-core-columns-is-layout-28f84493 wp-block-columns-is-layout-flex\" style=\"border-radius:18px;background:linear-gradient(220deg,rgb(255,255,255) 72%,rgb(207,230,248) 100%);box-shadow:6px 6px 9px rgba(0, 0, 0, 0.2)\">\n<div class=\"wp-block-column is-vertically-aligned-center is-layout-flow wp-block-column-is-layout-flow\" style=\"flex-basis:33.33%\">\n<figure class=\"wp-block-image aligncenter size-full wp-duotone-rgb25500-0c1b5d-1\"><img loading=\"lazy\" decoding=\"async\" width=\"100\" height=\"100\" src=\"https:\/\/anadolumotifleri.org.tr\/wp-content\/uploads\/2025\/11\/3.png\" alt=\"\" class=\"wp-image-524\"\/><\/figure>\n<\/div>\n\n\n\n<div class=\"wp-block-column is-layout-flow wp-block-column-is-layout-flow\" style=\"flex-basis:66.66%\">\n<p class=\"has-secondary-accent-text-color has-text-color has-link-color has-large-font-size wp-elements-1a0d5a4745d56fbb94eacf0b65300252\"><strong>G\u00fcn\u00fcm\u00fcz Tekstil ve Moda Tasar\u0131m\u0131nda Motifler<\/strong><\/p>\n\n\n\n<ul class=\"wp-block-list\">\n<li>Motif kavram\u0131n\u0131n tekstil ve moda tasar\u0131m\u0131ndaki yeri.<\/li>\n\n\n\n<li>Geleneksel tekstil motiflerinin k\u00fclt\u00fcrel ve sembolik boyutlar\u0131.<\/li>\n\n\n\n<li>Motiflerin desen tasar\u0131m\u0131 s\u00fcre\u00e7lerindeki rol\u00fc.<\/li>\n\n\n\n<li>Moda tasar\u0131m\u0131nda motiflerin yarat\u0131c\u0131 kullan\u0131m\u0131 \u00f6rnekleri.<\/li>\n\n\n\n<li>Dijital teknolojilerle motif \u00fcretimi ve yeniden \u00fcretim y\u00f6ntemleri.<\/li>\n\n\n\n<li>S\u00fcrd\u00fcr\u00fclebilir moda perspektifinden motiflerin \u00f6nemi.<\/li>\n\n\n\n<li>Motiflerin marka kimli\u011fi ve tasar\u0131m hik\u00e2yesindeki i\u015flevi.<\/li>\n\n\n\n<li>Motiflerin k\u00fcresel moda sahnesinde dola\u015f\u0131m\u0131.<\/li>\n<\/ul>\n<\/div>\n<\/div>\n\n\n\n<div class=\"wp-block-columns is-style-default has-background is-layout-flex wp-container-core-columns-is-layout-28f84493 wp-block-columns-is-layout-flex\" style=\"border-radius:18px;background:linear-gradient(220deg,rgb(255,255,255) 72%,rgb(207,230,248) 100%);box-shadow:6px 6px 9px rgba(0, 0, 0, 0.2)\">\n<div class=\"wp-block-column is-vertically-aligned-center is-layout-flow wp-block-column-is-layout-flow\" style=\"flex-basis:33.33%\">\n<figure class=\"wp-block-image aligncenter size-full wp-duotone-rgb2521850-0c1b5d-2\"><img loading=\"lazy\" decoding=\"async\" width=\"100\" height=\"100\" src=\"https:\/\/anadolumotifleri.org.tr\/wp-content\/uploads\/2025\/11\/4.png\" alt=\"\" class=\"wp-image-525\"\/><\/figure>\n<\/div>\n\n\n\n<div class=\"wp-block-column is-layout-flow wp-block-column-is-layout-flow\" style=\"flex-basis:66.66%\">\n<p class=\"has-secondary-accent-text-color has-text-color has-link-color has-large-font-size wp-elements-a24847171577bfdf362b27167c89f58e\"><strong>Mimarl\u0131k, Kent ve Mek\u00e2n Tasar\u0131m\u0131<\/strong><\/p>\n\n\n\n<ul class=\"wp-block-list\">\n<li>Anadolu mimarisi, tarih\u00ee yap\u0131lar ve mek\u00e2nlarda motiflerin kullan\u0131m\u0131.<\/li>\n\n\n\n<li>Tarih\u00ee yap\u0131larda s\u00fcsleme ve k\u00fclt\u00fcrel temsil ili\u015fkisi.<\/li>\n\n\n\n<li>\u0130\u00e7 mek\u00e2n tasar\u0131mlar\u0131nda motiflerin \u00e7a\u011fda\u015f yorumu.<\/li>\n\n\n\n<li>Kent kimli\u011finde motiflerin yeri.<\/li>\n\n\n\n<li>Geleneksel ve co\u011frafi motif \u00f6rneklerinin tarihsel ve k\u00fclt\u00fcrel perspektifi.<\/li>\n\n\n\n<li>Kent ve mek\u00e2nlarda sembolik motiflerin toplumsal haf\u0131za ve kimlik \u00fczerindeki etkisi.<\/li>\n\n\n\n<li>Modern ve \u00e7a\u011fda\u015f tasar\u0131mda motiflerin mimari yorumlar\u0131.<\/li>\n\n\n\n<li>Dijital ve parametrik yakla\u015f\u0131mlarla motif \u00fcretimi.<\/li>\n\n\n\n<li>Ekolojik tasar\u0131mda s\u00fcrd\u00fcr\u00fclebilirlik ve yerel malzeme ba\u011flam\u0131nda motif kullan\u0131m\u0131.<\/li>\n<\/ul>\n<\/div>\n<\/div>\n\n\n\n<div class=\"wp-block-columns is-style-default has-background is-layout-flex wp-container-core-columns-is-layout-28f84493 wp-block-columns-is-layout-flex\" style=\"border-radius:18px;background:linear-gradient(220deg,rgb(255,255,255) 72%,rgb(207,230,248) 100%);box-shadow:6px 6px 9px rgba(0, 0, 0, 0.2)\">\n<div class=\"wp-block-column is-vertically-aligned-center is-layout-flow wp-block-column-is-layout-flow\" style=\"flex-basis:33.33%\">\n<figure class=\"wp-block-image aligncenter size-full wp-duotone-rgb255255255-0c1b5d-3\"><img loading=\"lazy\" decoding=\"async\" width=\"100\" height=\"100\" src=\"https:\/\/anadolumotifleri.org.tr\/wp-content\/uploads\/2025\/11\/11.png\" alt=\"\" class=\"wp-image-633\"\/><\/figure>\n<\/div>\n\n\n\n<div class=\"wp-block-column is-layout-flow wp-block-column-is-layout-flow\" style=\"flex-basis:66.66%\">\n<p class=\"has-secondary-accent-text-color has-text-color has-link-color has-large-font-size wp-elements-63f13d3a42993d97a771bef704c46467\"><strong>G\u00f6rsel Sanatlar, \u00c7a\u011fda\u015f Yorumlar, Yeniden \u00dcretimler ve Disiplinleraras\u0131 Yakla\u015f\u0131mlar<\/strong><\/p>\n\n\n\n<ul class=\"wp-block-list\">\n<li>Resim, minyat\u00fcr ve heykelde motiflerin yeri.<\/li>\n\n\n\n<li>Modern sanatta geleneksel motiflerin yeniden yorumu.<\/li>\n\n\n\n<li>Do\u011fu\u2013Bat\u0131 sanat geleneklerinde motif kar\u015f\u0131la\u015ft\u0131rmalar\u0131.<\/li>\n\n\n\n<li>Motiflerin g\u00f6rsel anlat\u0131 diline d\u00f6n\u00fc\u015f\u00fcm analizi.<\/li>\n\n\n\n<li>K\u00fclt\u00fcr aktar\u0131m\u0131nda dijitalle\u015fmenin rol\u00fc.<\/li>\n\n\n\n<li>Anadolu motiflerinin modern tasar\u0131mlardaki yans\u0131malar\u0131.<\/li>\n\n\n\n<li>Yapay zek\u00e2 ve modelleme yakla\u015f\u0131mlar\u0131yla motif \u00fcretimi.<\/li>\n\n\n\n<li>Grafik, dijital sanat ve tasar\u0131m alanlar\u0131nda geleneksel motiflerin \u00e7a\u011fda\u015f kullan\u0131m\u0131.<\/li>\n\n\n\n<li>Motiflerin turizm ve k\u00fclt\u00fcrel ekonomi i\u00e7indeki i\u015flevi.<\/li>\n\n\n\n<li>K\u00fclt\u00fcrleraras\u0131 g\u00f6rsel ileti\u015fimde motifin rol\u00fc.<\/li>\n\n\n\n<li>\u0130leti\u015fim, sinema ve yeni medyada motiflerin g\u00f6rsel dil analizi.<\/li>\n\n\n\n<li>Animasyon ve dijital yap\u0131mlarda motifin k\u00fclt\u00fcrel temsili.<\/li>\n\n\n\n<li>Sosyal medyada motiflerin g\u00f6rsel kimlik olu\u015fturmadaki rol\u00fc.<\/li>\n\n\n\n<li>Yeni medyada gelenekten evrensele uzanan motif anlat\u0131lar\u0131.<\/li>\n\n\n\n<li>Gen\u00e7 tasar\u0131mc\u0131lar\u0131n motifleri yeniden kurgulama yakla\u015f\u0131mlar\u0131.<\/li>\n<\/ul>\n<\/div>\n<\/div>\n\n\n\n<div class=\"wp-block-columns is-style-default has-background is-layout-flex wp-container-core-columns-is-layout-28f84493 wp-block-columns-is-layout-flex\" style=\"border-radius:18px;background:linear-gradient(220deg,rgb(255,255,255) 72%,rgb(207,230,248) 100%);box-shadow:6px 6px 9px rgba(0, 0, 0, 0.2)\">\n<div class=\"wp-block-column is-vertically-aligned-center is-layout-flow wp-block-column-is-layout-flow\" style=\"flex-basis:33.33%\">\n<figure class=\"wp-block-image aligncenter size-full wp-duotone-rgb0208132-0c1b5d-4\"><img loading=\"lazy\" decoding=\"async\" width=\"100\" height=\"100\" src=\"https:\/\/anadolumotifleri.org.tr\/wp-content\/uploads\/2025\/11\/6.png\" alt=\"\" class=\"wp-image-530\"\/><\/figure>\n<\/div>\n\n\n\n<div class=\"wp-block-column is-layout-flow wp-block-column-is-layout-flow\" style=\"flex-basis:66.66%\">\n<p class=\"has-secondary-accent-text-color has-text-color has-link-color has-large-font-size wp-elements-f4dea31d3df65e41f6b3951e21b6c009\"><strong>Psikolojik, Sosyolojik ve G\u00f6sterge Bilimsel Yakla\u015f\u0131mlar<\/strong><\/p>\n\n\n\n<ul class=\"wp-block-list\">\n<li>Motiflerin psikanalitik \u00e7\u00f6z\u00fcmlemesi.<\/li>\n\n\n\n<li>Anadolu motiflerinde kad\u0131n ve erkek imgeleri.<\/li>\n\n\n\n<li>Motiflerin toplumsal bellek ve kimlik in\u015fas\u0131ndaki rol\u00fc.<\/li>\n\n\n\n<li>Motiflerin bireysel alg\u0131 ve belle\u011fe etkisi.<\/li>\n\n\n\n<li>Arketipler ve bilin\u00e7alt\u0131nda motiflerin yans\u0131malar\u0131.<\/li>\n\n\n\n<li>Renk ve formun psikolojik etkileri.<\/li>\n\n\n\n<li>Geleneksel sembollerin modern kimlikteki rol\u00fc.<\/li>\n\n\n\n<li>Motiflerin toplumsal haf\u0131zadaki i\u015flevi.<\/li>\n\n\n\n<li>Cinsiyet ve kimlik ba\u011flam\u0131nda motiflerin i\u015flevi.<\/li>\n\n\n\n<li>Toplumsal aktar\u0131m ve kolektif \u00fcretim s\u00fcre\u00e7lerinde motiflerin rol\u00fc.<\/li>\n\n\n\n<li>Motiflerin ileti\u015fim dili olarak kullan\u0131m\u0131.<\/li>\n\n\n\n<li>Simgesel kodlar ve k\u00fclt\u00fcrel anlat\u0131 \u00e7\u00f6z\u00fcmlemeleri.<\/li>\n\n\n\n<li>Motifler \u00fczerinden g\u00f6steren\u2013g\u00f6sterilen ili\u015fkisi.<\/li>\n\n\n\n<li>Motiflerdeki anlam katmanlar\u0131.<\/li>\n<\/ul>\n<\/div>\n<\/div>\n\n\n\n<div class=\"wp-block-columns is-style-default has-background is-layout-flex wp-container-core-columns-is-layout-28f84493 wp-block-columns-is-layout-flex\" style=\"border-radius:18px;background:linear-gradient(220deg,rgb(255,255,255) 72%,rgb(207,230,248) 100%);box-shadow:6px 6px 9px rgba(0, 0, 0, 0.2)\">\n<div class=\"wp-block-column is-vertically-aligned-center is-layout-flow wp-block-column-is-layout-flow\" style=\"flex-basis:33.33%\">\n<figure class=\"wp-block-image aligncenter size-full wp-duotone-rgb250216-rgb255169107-5\"><img loading=\"lazy\" decoding=\"async\" width=\"100\" height=\"100\" src=\"https:\/\/anadolumotifleri.org.tr\/wp-content\/uploads\/2025\/11\/10.png\" alt=\"\" class=\"wp-image-632\"\/><\/figure>\n<\/div>\n\n\n\n<div class=\"wp-block-column is-layout-flow wp-block-column-is-layout-flow\" style=\"flex-basis:66.66%\">\n<p class=\"has-secondary-accent-text-color has-text-color has-link-color has-large-font-size wp-elements-58e12b9a39c1032b98b6283a96d9cc39\"><strong><strong>K\u00fclt\u00fcrel Miras\u0131n Korunmas\u0131 ve K\u00fclt\u00fcrel Miras Politikalar\u0131<\/strong><\/strong><\/p>\n\n\n\n<ul class=\"wp-block-list\">\n<li>Somut olmayan k\u00fclt\u00fcrel miras ba\u011flam\u0131nda motiflerin korunmas\u0131, ya\u015fat\u0131lmas\u0131 ve aktar\u0131m\u0131.<\/li>\n\n\n\n<li>K\u00fcreselle\u015fme s\u00fcrecinde motiflerin d\u00f6n\u00fc\u015f\u00fcm\u00fc.<\/li>\n\n\n\n<li>Motiflerin sanat, tasar\u0131m, ileti\u015fim, sosyoloji ve e\u011fitim gibi alanlarda ortak bir k\u00fclt\u00fcrel anlat\u0131m arac\u0131 olarak kullan\u0131m\u0131.<\/li>\n\n\n\n<li>Disiplinleraras\u0131 \u00e7al\u0131\u015fmalar\u0131n motiflere kazand\u0131rd\u0131\u011f\u0131 yeni anlam katmanlar\u0131.<\/li>\n\n\n\n<li>Motiflerin k\u00fclt\u00fcrel s\u00fcrd\u00fcr\u00fclebilirlik perspektifinden de\u011ferlendirilmesi.<\/li>\n\n\n\n<li>Motif ara\u015ft\u0131rmalar\u0131nda ar\u015fiv ve belgeleme y\u00f6ntemleri.<\/li>\n\n\n\n<li>Anadolu motiflerinin UNESCO k\u00fclt\u00fcrel miras ba\u011flam\u0131ndaki yeri.<\/li>\n\n\n\n<li>K\u00fclt\u00fcrel miras\u0131n korunmas\u0131nda yerel y\u00f6netimler, STK\u2019ler ve e\u011fitim kurumlar\u0131n\u0131n rol\u00fc.<\/li>\n<\/ul>\n<\/div>\n<\/div>\n\n\n\n<div class=\"wp-block-columns is-style-default has-background is-layout-flex wp-container-core-columns-is-layout-28f84493 wp-block-columns-is-layout-flex\" style=\"border-radius:18px;background:linear-gradient(220deg,rgb(255,255,255) 72%,rgb(207,230,248) 100%);box-shadow:6px 6px 9px rgba(0, 0, 0, 0.2)\">\n<div class=\"wp-block-column is-vertically-aligned-center is-layout-flow wp-block-column-is-layout-flow\" style=\"flex-basis:33.33%\">\n<figure class=\"wp-block-image aligncenter size-full wp-duotone-rgb15581224-rgb103255102-6\"><img loading=\"lazy\" decoding=\"async\" width=\"100\" height=\"100\" src=\"https:\/\/anadolumotifleri.org.tr\/wp-content\/uploads\/2025\/11\/8.png\" alt=\"\" class=\"wp-image-532\"\/><\/figure>\n<\/div>\n\n\n\n<div class=\"wp-block-column is-layout-flow wp-block-column-is-layout-flow\" style=\"flex-basis:66.66%\">\n<p class=\"has-secondary-accent-text-color has-text-color has-link-color has-large-font-size wp-elements-766274359258ca973d9a231380e8a0b7\"><strong><strong><strong>Olgunla\u015fma Enstit\u00fclerinde Motiflerin Korunmas\u0131, Yeniden \u00dcretimi ve Aktar\u0131m\u0131<\/strong><\/strong><\/strong><\/p>\n\n\n\n<ul class=\"wp-block-list\">\n<li>Olgunla\u015fma Enstit\u00fclerinde motif ara\u015ft\u0131rmalar\u0131, ar\u015fivleme ve belgeleme \u00e7al\u0131\u015fmalar\u0131.<\/li>\n\n\n\n<li>Yerel motiflerin yeniden yorumlanmas\u0131 ve \u00e7a\u011fda\u015f tasar\u0131mlarda kullan\u0131m\u0131.<\/li>\n\n\n\n<li>Dokuma, nak\u0131\u015f, cam, seramik, oya ve giyim gibi b\u00f6lgesel at\u00f6lyelerde motiflerin ya\u015fat\u0131lmas\u0131.<\/li>\n\n\n\n<li>Usta\u2013\u00e7\u0131rak ili\u015fkisi ve hayat boyu \u00f6\u011frenme ba\u011flam\u0131nda motif aktar\u0131m\u0131.<\/li>\n\n\n\n<li>Motif temal\u0131 \u00fcr\u00fcnlerin tasar\u0131m, \u00fcretim ve sergileme s\u00fcre\u00e7leri.<\/li>\n\n\n\n<li>Olgunla\u015fma Enstit\u00fclerinin k\u00fclt\u00fcrel miras\u0131n s\u00fcrd\u00fcr\u00fclebilirli\u011fine katk\u0131s\u0131.<\/li>\n\n\n\n<li>Olgunla\u015fma Enstit\u00fclerinde kad\u0131n eme\u011fi, k\u00fclt\u00fcrel kimlik ve \u00fcretim ekonomisi.<\/li>\n\n\n\n<li>Dijital d\u00f6n\u00fc\u015f\u00fcm s\u00fcrecinde Olgunla\u015fma Enstit\u00fclerinin rol\u00fc ve motiflerin tan\u0131t\u0131m\u0131.<\/li>\n\n\n\n<li>Yerel, ulusal ve uluslararas\u0131 i\u015f birlikleriyle motiflerin k\u00fclt\u00fcrel diplomasiye katk\u0131s\u0131.<\/li>\n<\/ul>\n<\/div>\n<\/div>\n<\/div>\n<\/div>\n\n\n\n<div class=\"wp-block-columns is-style-default has-background is-layout-flex wp-container-core-columns-is-layout-28f84493 wp-block-columns-is-layout-flex\" style=\"border-radius:18px;background:linear-gradient(220deg,rgb(255,255,255) 72%,rgb(207,230,248) 100%);box-shadow:6px 6px 9px rgba(0, 0, 0, 0.2)\">\n<div class=\"wp-block-column is-vertically-aligned-center is-layout-flow wp-block-column-is-layout-flow\" style=\"flex-basis:33.33%\">\n<figure class=\"wp-block-image aligncenter size-full wp-duotone-rgb176120229-rgb103255102-7\"><img loading=\"lazy\" decoding=\"async\" width=\"100\" height=\"100\" src=\"https:\/\/anadolumotifleri.org.tr\/wp-content\/uploads\/2025\/11\/5.png\" alt=\"\" class=\"wp-image-529\"\/><\/figure>\n<\/div>\n\n\n\n<div class=\"wp-block-column is-layout-flow wp-block-column-is-layout-flow\" style=\"flex-basis:66.66%\">\n<p><\/p>\n\n\n\n<p class=\"has-secondary-accent-text-color has-text-color has-link-color has-large-font-size wp-elements-d1fec009ff61f12abf7ccd1e0ce6aa6a\"><strong><strong><strong>Motife Disiplinler Aras\u0131 Yakla\u015f\u0131mlar<\/strong><\/strong><\/strong><\/p>\n<\/div>\n<\/div>\n\n\n\n<p><\/p>\n\n\n\n<p><\/p>\n","protected":false},"excerpt":{"rendered":"<p>KONULAR Tarih, K\u00fclt\u00fcr ve Edebiyat Geleneksel Sanatlar ve Zanaat G\u00fcn\u00fcm\u00fcz Tekstil ve Moda Tasar\u0131m\u0131nda Motifler Mimarl\u0131k, Kent ve Mek\u00e2n Tasar\u0131m\u0131 G\u00f6rsel Sanatlar, \u00c7a\u011fda\u015f Yorumlar, Yeniden \u00dcretimler ve Disiplinleraras\u0131 Yakla\u015f\u0131mlar Psikolojik, Sosyolojik ve G\u00f6sterge Bilimsel Yakla\u015f\u0131mlar K\u00fclt\u00fcrel Miras\u0131n Korunmas\u0131 ve K\u00fclt\u00fcrel Miras Politikalar\u0131 Olgunla\u015fma Enstit\u00fclerinde Motiflerin Korunmas\u0131, Yeniden \u00dcretimi ve Aktar\u0131m\u0131 Motife Disiplinler Aras\u0131 Yakla\u015f\u0131mlar<\/p>\n","protected":false},"author":1,"featured_media":0,"parent":0,"menu_order":0,"comment_status":"closed","ping_status":"closed","template":"","meta":{"footnotes":""},"class_list":["post-399","page","type-page","status-publish","hentry"],"_links":{"self":[{"href":"https:\/\/anadolumotifleri.org.tr\/index.php\/wp-json\/wp\/v2\/pages\/399","targetHints":{"allow":["GET"]}}],"collection":[{"href":"https:\/\/anadolumotifleri.org.tr\/index.php\/wp-json\/wp\/v2\/pages"}],"about":[{"href":"https:\/\/anadolumotifleri.org.tr\/index.php\/wp-json\/wp\/v2\/types\/page"}],"author":[{"embeddable":true,"href":"https:\/\/anadolumotifleri.org.tr\/index.php\/wp-json\/wp\/v2\/users\/1"}],"replies":[{"embeddable":true,"href":"https:\/\/anadolumotifleri.org.tr\/index.php\/wp-json\/wp\/v2\/comments?post=399"}],"version-history":[{"count":27,"href":"https:\/\/anadolumotifleri.org.tr\/index.php\/wp-json\/wp\/v2\/pages\/399\/revisions"}],"predecessor-version":[{"id":952,"href":"https:\/\/anadolumotifleri.org.tr\/index.php\/wp-json\/wp\/v2\/pages\/399\/revisions\/952"}],"wp:attachment":[{"href":"https:\/\/anadolumotifleri.org.tr\/index.php\/wp-json\/wp\/v2\/media?parent=399"}],"curies":[{"name":"wp","href":"https:\/\/api.w.org\/{rel}","templated":true}]}}