{"id":54,"date":"2025-10-17T19:36:05","date_gmt":"2025-10-17T19:36:05","guid":{"rendered":"http:\/\/bilisimdunyasi.org.tr\/toplanti\/?page_id=54"},"modified":"2026-04-03T08:30:58","modified_gmt":"2026-04-03T08:30:58","slug":"duzenleme_kurullari","status":"publish","type":"page","link":"https:\/\/anadolumotifleri.org.tr\/index.php\/en\/duzenleme_kurullari\/","title":{"rendered":"D\u00fczenleme Kurulu"},"content":{"rendered":"\n<h5 class=\"wp-block-heading\"><strong>D\u00dcZENLEME KURULU BA\u015eKANLARI<\/strong><\/h5>\n\n\n\n<p><strong>Nazan Suna ALPURAL <\/strong>&#8211; Hayat Boyu \u00d6\u011frenme Genel M\u00fcd\u00fcrl\u00fc\u011f\u00fc Sosyal ve K\u00fclt\u00fcrel Etkinlikler Daire Ba\u015fkan\u0131 <\/p>\n\n\n\n<p><strong>Do\u00e7. Dr. \u0130mran G\u00dcND\u00dcZ ALPT\u00dcRKER <\/strong>&#8211; Mersin \u00dcniversitesi<\/p>\n\n\n\n<p><strong>Mehmet G\u00d6\u00c7ER<\/strong> &#8211; Mersin Olgunla\u015fma Enstit\u00fcs\u00fc<\/p>\n\n\n\n<h5 class=\"wp-block-heading\"><strong>D\u00dcZENLEME KURULU<\/strong><\/h5>\n\n\n\n<ul class=\"wp-block-list\">\n<li><strong>Prof. Dr. M. \u00c7a\u011fr\u0131 \u00c7ET\u0130N<\/strong> &#8211; Mersin \u00dcniversitesi<\/li>\n\n\n\n<li><strong>Prof. Dr. Ali TAN<\/strong> &#8211; Mersin \u00dcniversitesi<\/li>\n\n\n\n<li><strong>Prof. Dr. \u0130lhami \u0130LHAN<\/strong> &#8211; Mersin \u00dcniversitesi<\/li>\n\n\n\n<li><strong>Do\u00e7. Dr. \u0130lker YAKIN<\/strong> &#8211; Mersin \u00dcniversitesi<\/li>\n\n\n\n<li><strong>Do\u00e7. Dr. Osman ORHAN<\/strong> &#8211; Mersin \u00dcniversitesi<\/li>\n\n\n\n<li><strong>Ar\u015f. G\u00f6r. A. Yasin Y\u0130\u011e\u0130T<\/strong> &#8211; Mersin \u00dcniversitesi<\/li>\n\n\n\n<li><strong>Fatma KINACI<\/strong> &#8211; Mersin Olgunla\u015fma Enstit\u00fcs\u00fc<\/li>\n\n\n\n<li><strong>Tecelli Ayd\u0131n G\u00d6RG\u00dcL\u00dc<\/strong> &#8211; Mersin Olgunla\u015fma Enstit\u00fcs\u00fc<\/li>\n\n\n\n<li><strong>Sevim \u0130\u015eB\u0130L\u0130R<\/strong> &#8211; Mersin Olgunla\u015fma Enstit\u00fcs\u00fc<\/li>\n<\/ul>\n\n\n\n<p><\/p>\n\n\n\n<p><\/p>\n\n\n\n<p><\/p>\n\n\n\n<p><\/p>\n\n\n\n<p><\/p>\n\n\n\n<p><\/p>\n\n\n\n<p><\/p>\n\n\n\n<p><\/p>\n\n\n\n<p><\/p>\n\n\n\n<p><\/p>\n\n\n\n<p><\/p>\n\n\n\n<p><\/p>\n\n\n\n<p><\/p>\n\n\n\n<p><\/p>\n\n\n\n<p><\/p>\n","protected":false},"excerpt":{"rendered":"<p>D\u00dcZENLEME KURULU BA\u015eKANLARI Nazan Suna ALPURAL &#8211; Hayat Boyu \u00d6\u011frenme Genel M\u00fcd\u00fcrl\u00fc\u011f\u00fc Sosyal ve K\u00fclt\u00fcrel Etkinlikler Daire Ba\u015fkan\u0131 Do\u00e7. Dr. \u0130mran G\u00dcND\u00dcZ ALPT\u00dcRKER &#8211; Mersin \u00dcniversitesi Mehmet G\u00d6\u00c7ER &#8211; Mersin Olgunla\u015fma Enstit\u00fcs\u00fc D\u00dcZENLEME KURULU<\/p>\n","protected":false},"author":1,"featured_media":0,"parent":0,"menu_order":0,"comment_status":"closed","ping_status":"closed","template":"","meta":{"footnotes":""},"class_list":["post-54","page","type-page","status-publish","hentry"],"_links":{"self":[{"href":"https:\/\/anadolumotifleri.org.tr\/index.php\/wp-json\/wp\/v2\/pages\/54","targetHints":{"allow":["GET"]}}],"collection":[{"href":"https:\/\/anadolumotifleri.org.tr\/index.php\/wp-json\/wp\/v2\/pages"}],"about":[{"href":"https:\/\/anadolumotifleri.org.tr\/index.php\/wp-json\/wp\/v2\/types\/page"}],"author":[{"embeddable":true,"href":"https:\/\/anadolumotifleri.org.tr\/index.php\/wp-json\/wp\/v2\/users\/1"}],"replies":[{"embeddable":true,"href":"https:\/\/anadolumotifleri.org.tr\/index.php\/wp-json\/wp\/v2\/comments?post=54"}],"version-history":[{"count":11,"href":"https:\/\/anadolumotifleri.org.tr\/index.php\/wp-json\/wp\/v2\/pages\/54\/revisions"}],"predecessor-version":[{"id":960,"href":"https:\/\/anadolumotifleri.org.tr\/index.php\/wp-json\/wp\/v2\/pages\/54\/revisions\/960"}],"wp:attachment":[{"href":"https:\/\/anadolumotifleri.org.tr\/index.php\/wp-json\/wp\/v2\/media?parent=54"}],"curies":[{"name":"wp","href":"https:\/\/api.w.org\/{rel}","templated":true}]}}