{"id":554,"date":"2025-11-25T23:30:16","date_gmt":"2025-11-25T23:30:16","guid":{"rendered":"https:\/\/anadolumotifleri.org.tr\/?page_id=554"},"modified":"2025-11-25T23:30:16","modified_gmt":"2025-11-25T23:30:16","slug":"kisisel-verilerin-korunmasi-kanunu","status":"publish","type":"page","link":"https:\/\/anadolumotifleri.org.tr\/index.php\/en\/kisisel-verilerin-korunmasi-kanunu\/","title":{"rendered":"Ki\u015fisel Verilerin Korunmas\u0131 Kanunu"},"content":{"rendered":"\n<p><strong>HAYAT BOYU \u00d6\u011eRENME GENEL M\u00dcD\u00dcRL\u00dc\u011e\u00dc<\/strong><\/p>\n\n\n\n<p><strong>K\u0130\u015e\u0130SEL VER\u0130LER\u0130N \u0130\u015eLENMES\u0130NE \u0130L\u0130\u015eK\u0130N AYDINLATMA VE A\u00c7IK RIZA<\/strong><\/p>\n\n\n\n<p><strong>METN\u0130<\/strong><\/p>\n\n\n\n<p>Mill\u00ee E\u011fitim Bakanl\u0131\u011f\u0131 Hayat Boyu \u00d6\u011frenme Genel M\u00fcd\u00fcrl\u00fc\u011f\u00fc (HB\u00d6GM) taraf\u0131ndan \u00e7e\u015fitli ki\u015fi ve payda\u015flara ait ki\u015fisel veriler, 6698 say\u0131l\u0131 Ki\u015fisel Verilerin Korunmas\u0131 Kanunu\u2019na (KVKK) uygun olarak, <strong>veri sorumlusu<\/strong> s\u0131fat\u0131yla i\u015flenmektedir. Ki\u015fisel verilerin i\u015flenme amac\u0131, y\u00f6ntemleri ve aktar\u0131m ko\u015fullar\u0131 a\u015fa\u011f\u0131da a\u00e7\u0131klanm\u0131\u015ft\u0131r.<\/p>\n\n\n\n<hr class=\"wp-block-separator has-alpha-channel-opacity\"\/>\n\n\n\n<p><strong>1. Ki\u015fisel Verilerin \u0130\u015flenme Amac\u0131<\/strong><\/p>\n\n\n\n<p>Hayat Boyu \u00d6\u011frenme Genel M\u00fcd\u00fcrl\u00fc\u011f\u00fc; ulusal d\u00fczeyde yayg\u0131n e\u011fitim faaliyetlerini y\u00fcr\u00fctmek, kurs ve program a\u00e7mak, sertifikasyon s\u00fcre\u00e7lerini i\u015fletmek, geli\u015fim programlar\u0131 haz\u0131rlamak, projeler y\u00fcr\u00fctmek ve payda\u015flarla i\u015f birli\u011fi geli\u015ftirmek \u00fczere \u00e7e\u015fitli ki\u015fisel verileri toplamakta ve i\u015flemektedir.<\/p>\n\n\n\n<p>Ki\u015fisel verilerin i\u015flenmesinde; ki\u015fisel mahremiyet, temel hak ve \u00f6zg\u00fcrl\u00fcklerin korunmas\u0131, kanunlara uygunluk, \u00f6l\u00e7\u00fcl\u00fcl\u00fck, veri g\u00fcvenli\u011fi, ama\u00e7la ba\u011flant\u0131l\u0131l\u0131k ve gerekti\u011finde a\u00e7\u0131k r\u0131zaya ba\u015fvurma ilkeleri esas al\u0131n\u0131r.<\/p>\n\n\n\n<p>Bu kapsamda ki\u015fisel veriler \u015fu ama\u00e7larla i\u015flenmektedir:<\/p>\n\n\n\n<ul class=\"wp-block-list\">\n<li>Kurs, program, sertifika ve di\u011fer e\u011fitim faaliyetlerinin y\u00fcr\u00fct\u00fclmesi; yoklama, \u00f6l\u00e7me-de\u011ferlendirme ve ba\u015far\u0131 takibinin yap\u0131lmas\u0131; kay\u0131t ve ar\u015fiv s\u00fcre\u00e7lerinin y\u00fcr\u00fct\u00fclmesi,<\/li>\n\n\n\n<li>HB\u00d6GM b\u00fcnyesinde g\u00f6rev yapan idari personel, \u00f6\u011fretmen, usta \u00f6\u011fretici ve s\u00f6zle\u015fmeli personele ait verilerin g\u00f6rev, izin, g\u00f6revli-\u00e7al\u0131\u015fan ili\u015fkisi, performans ve \u00f6zl\u00fck i\u015flemleri kapsam\u0131nda i\u015flenmesi,<\/li>\n\n\n\n<li>Genel M\u00fcd\u00fcrl\u00fc\u011fe ba\u011fl\u0131 kurumlarda e\u011fitim alan kursiyerler, e\u011fiticiler ve di\u011fer payda\u015flar\u0131n g\u00fcvenli\u011fini sa\u011flamak amac\u0131yla kamera, giri\u015f-\u00e7\u0131k\u0131\u015f veya benzeri g\u00fcvenlik tedbirlerine ili\u015fkin verilerin i\u015flenmesi,<\/li>\n\n\n\n<li>Kurs merkezleri, kurumlar, halk e\u011fitim merkezleri ve di\u011fer birimlerde acil durum, sa\u011fl\u0131k hizmeti ve i\u015f sa\u011fl\u0131\u011f\u0131\u2013g\u00fcvenli\u011fi kapsam\u0131nda gerekli ki\u015fisel sa\u011fl\u0131k verilerinin i\u015flenmesi,<\/li>\n\n\n\n<li>Etkinlik, kurs, yar\u0131\u015fma, seminer, \u00e7al\u0131\u015ftay, sempozyum, proje tan\u0131t\u0131m\u0131, mezun\/sertifika takibi, ileti\u015fim faaliyetleri vb. organizasyonlara ili\u015fkin ki\u015fisel verilerin i\u015flenmesi,<\/li>\n\n\n\n<li>Hayat boyu \u00f6\u011frenme k\u00fclt\u00fcr\u00fcn\u00fc yayg\u0131nla\u015ft\u0131rmak, sosyal ve k\u00fclt\u00fcrel faaliyetleri duyurmak ve hedef kitleyle ileti\u015fim kurmak amac\u0131yla ki\u015fisel verilerin a\u00e7\u0131k r\u0131zaya dayal\u0131 olarak i\u015flenmesi,<\/li>\n\n\n\n<li>Genel M\u00fcd\u00fcrl\u00fc\u011f\u00fcn tarihsel geli\u015fimini ve faaliyetlerinin kurumsal haf\u0131zas\u0131n\u0131 koruma amac\u0131yla bilgi ve belgelerin ar\u015fivlenmesi.<\/li>\n<\/ul>\n\n\n\n<hr class=\"wp-block-separator has-alpha-channel-opacity\"\/>\n\n\n\n<p><strong>2. Ki\u015fisel Verilerinizin Aktar\u0131m\u0131<\/strong><\/p>\n\n\n\n<p>Ki\u015fisel verileriniz, KVKK\u2019n\u0131n 8. ve 9. maddelerine uygun olarak a\u015fa\u011f\u0131daki ama\u00e7larla \u00fc\u00e7\u00fcnc\u00fc taraflarla payla\u015f\u0131labilir:<\/p>\n\n\n\n<ul class=\"wp-block-list\">\n<li>Genel M\u00fcd\u00fcrl\u00fc\u011fe ba\u011fl\u0131 kurumlarda hizmet sunan y\u00fcklenici firmalar ile yap\u0131lan s\u00f6zle\u015fmeler kapsam\u0131nda, hizmetin gerektirdi\u011fi \u00f6l\u00e7\u00fcde,<\/li>\n\n\n\n<li>Mill\u00ee E\u011fitim Bakanl\u0131\u011f\u0131n\u0131n di\u011fer birimleri, valilikler, il\/il\u00e7e mill\u00ee e\u011fitim m\u00fcd\u00fcrl\u00fckleri, denetim ve tefti\u015f birimleri ile mevzuat gere\u011fi payla\u015f\u0131lmas\u0131 gereken durumlarda,<\/li>\n\n\n\n<li>E\u011fitim i\u015f birlikleri, projeler, ulusal\/uluslararas\u0131 fon programlar\u0131, ortak etkinlikler ve protokoller kapsam\u0131nda i\u015flenen verilerin ilgili kamu kurumlar\u0131 ve i\u015f birli\u011fi yap\u0131lan kurulu\u015flarla payla\u015f\u0131lmas\u0131,<\/li>\n\n\n\n<li>Yurt d\u0131\u015f\u0131 e\u011fitim ve proje ortakl\u0131klar\u0131nda, gerekli h\u00e2llerde ki\u015finin a\u00e7\u0131k r\u0131zas\u0131 al\u0131narak s\u0131n\u0131rl\u0131 ve ama\u00e7la ba\u011flant\u0131l\u0131 olarak veri aktar\u0131m\u0131.<\/li>\n<\/ul>\n\n\n\n<p>Aktar\u0131m s\u00fcre\u00e7lerinde veri g\u00fcvenli\u011fi sa\u011flan\u0131r, ki\u015fisel haklar korunur ve mevzuata tam uyum g\u00f6zetilir.<\/p>\n\n\n\n<hr class=\"wp-block-separator has-alpha-channel-opacity\"\/>\n\n\n\n<p><strong>3. Ki\u015fisel Verilerin Toplanma Y\u00f6ntemi<\/strong><\/p>\n\n\n\n<p>Ki\u015fisel verileriniz;<\/p>\n\n\n\n<ul class=\"wp-block-list\">\n<li>resm\u00ee web siteleri,<\/li>\n\n\n\n<li>e-posta, telefon, ileti\u015fim formlar\u0131,<\/li>\n\n\n\n<li>kurs ve program ba\u015fvuru formlar\u0131,<\/li>\n\n\n\n<li>fiziki ba\u015fvuru kay\u0131tlar\u0131,<\/li>\n\n\n\n<li>elektronik ba\u015fvuru sistemleri,<\/li>\n\n\n\n<li>kamera kay\u0131tlar\u0131, g\u00fcvenlik giri\u015f sistemleri,<\/li>\n\n\n\n<li>akademik\/idari ba\u015fvurular, etkinlik kay\u0131tlar\u0131, anketler, protokoller<\/li>\n<\/ul>\n\n\n\n<p>arac\u0131l\u0131\u011f\u0131yla, yaz\u0131l\u0131 ve elektronik y\u00f6ntemlerle toplanmaktad\u0131r.<\/p>\n\n\n\n<hr class=\"wp-block-separator has-alpha-channel-opacity\"\/>\n\n\n\n<p><strong>4. Veri Sahibi Olarak Haklar\u0131n\u0131z<\/strong><\/p>\n\n\n\n<p>KVKK\u2019n\u0131n 11. maddesi kapsam\u0131nda;<\/p>\n\n\n\n<ul class=\"wp-block-list\">\n<li>Ki\u015fisel veri i\u015flenip i\u015flenmedi\u011fini \u00f6\u011frenme,<\/li>\n\n\n\n<li>\u0130\u015flenen verilere ili\u015fkin bilgi talep etme,<\/li>\n\n\n\n<li>\u0130\u015fleme amac\u0131n\u0131 ve amaca uygun kullan\u0131l\u0131p kullan\u0131lmad\u0131\u011f\u0131n\u0131 \u00f6\u011frenme,<\/li>\n\n\n\n<li>Verilerin yurt i\u00e7inde veya yurt d\u0131\u015f\u0131nda aktar\u0131ld\u0131\u011f\u0131 \u00fc\u00e7\u00fcnc\u00fc ki\u015fileri \u00f6\u011frenme,<\/li>\n\n\n\n<li>Eksik veya yanl\u0131\u015f i\u015flenen verilerin d\u00fczeltilmesini talep etme,<\/li>\n\n\n\n<li>Verilerin i\u015flenmesini gerektiren sebeplerin ortadan kalkmas\u0131 h\u00e2linde verilerin silinmesini veya yok edilmesini isteme,<\/li>\n\n\n\n<li>Bu i\u015flemlerin verilerin aktar\u0131ld\u0131\u011f\u0131 \u00fc\u00e7\u00fcnc\u00fc ki\u015filere bildirilmesini talep etme,<\/li>\n\n\n\n<li>Aleyhinize sonu\u00e7 do\u011furan veri i\u015fleme faaliyetlerine itiraz etme<\/li>\n<\/ul>\n\n\n\n<p>haklar\u0131n\u0131z bulunmaktad\u0131r.<\/p>\n\n\n\n<hr class=\"wp-block-separator has-alpha-channel-opacity\"\/>\n\n\n\n<p><strong>5. Ba\u015fvuru ve \u0130leti\u015fim<\/strong><\/p>\n\n\n\n<p>KVKK kapsam\u0131ndaki taleplerinizi, kimlik ve ileti\u015fim bilgilerinizi i\u00e7erecek \u015fekilde:<\/p>\n\n\n\n<p><strong>Mill\u00ee E\u011fitim Bakanl\u0131\u011f\u0131<br>Hayat Boyu \u00d6\u011frenme Genel M\u00fcd\u00fcrl\u00fc\u011f\u00fc<br>Emniyet Mahallesi, Milas Sokak No:21<br>06500 Yenimahalle \/ ANKARA<\/strong><\/p>\n\n\n\n<p>adresine yaz\u0131l\u0131 olarak, \u015fahsen ya da posta yoluyla iletebilir;<br>veya g\u00fcvenli elektronik imzal\u0131 olarak <strong><a href=\"mailto:hbogm@gov.tr\">hbogm@gov.tr<\/a> <\/strong>&nbsp;adresine g\u00f6nderebilirsiniz.<\/p>\n\n\n\n<p>Ba\u015fvurular\u0131n\u0131z 30 g\u00fcn i\u00e7erisinde \u00fccretsiz olarak sonu\u00e7land\u0131r\u0131lacakt\u0131r. \u0130\u015flemin ayr\u0131ca bir maliyet gerektirmesi h\u00e2linde, Ki\u015fisel Verileri Koruma Kurulu taraf\u0131ndan belirlenen tarifeye g\u00f6re \u00fccret talep edilebilir.<\/p>\n\n\n\n<p>KVKK hakk\u0131nda kapsaml\u0131 bilgi i\u00e7in: <a href=\"https:\/\/www.kvkk.gov.tr\"><strong>https:\/\/www.kvkk.gov.tr<\/strong><\/a><\/p>\n","protected":false},"excerpt":{"rendered":"<p>HAYAT BOYU \u00d6\u011eRENME GENEL M\u00dcD\u00dcRL\u00dc\u011e\u00dc K\u0130\u015e\u0130SEL VER\u0130LER\u0130N \u0130\u015eLENMES\u0130NE \u0130L\u0130\u015eK\u0130N AYDINLATMA VE A\u00c7IK RIZA METN\u0130 Mill\u00ee E\u011fitim Bakanl\u0131\u011f\u0131 Hayat Boyu \u00d6\u011frenme Genel M\u00fcd\u00fcrl\u00fc\u011f\u00fc (HB\u00d6GM) taraf\u0131ndan \u00e7e\u015fitli ki\u015fi ve payda\u015flara ait ki\u015fisel veriler, 6698 say\u0131l\u0131 Ki\u015fisel Verilerin Korunmas\u0131 Kanunu\u2019na (KVKK) uygun olarak, veri sorumlusu s\u0131fat\u0131yla i\u015flenmektedir. Ki\u015fisel verilerin i\u015flenme amac\u0131, y\u00f6ntemleri ve aktar\u0131m ko\u015fullar\u0131 a\u015fa\u011f\u0131da a\u00e7\u0131klanm\u0131\u015ft\u0131r. 1. [&hellip;]<\/p>\n","protected":false},"author":1,"featured_media":0,"parent":0,"menu_order":0,"comment_status":"closed","ping_status":"closed","template":"","meta":{"footnotes":""},"class_list":["post-554","page","type-page","status-publish","hentry"],"_links":{"self":[{"href":"https:\/\/anadolumotifleri.org.tr\/index.php\/wp-json\/wp\/v2\/pages\/554","targetHints":{"allow":["GET"]}}],"collection":[{"href":"https:\/\/anadolumotifleri.org.tr\/index.php\/wp-json\/wp\/v2\/pages"}],"about":[{"href":"https:\/\/anadolumotifleri.org.tr\/index.php\/wp-json\/wp\/v2\/types\/page"}],"author":[{"embeddable":true,"href":"https:\/\/anadolumotifleri.org.tr\/index.php\/wp-json\/wp\/v2\/users\/1"}],"replies":[{"embeddable":true,"href":"https:\/\/anadolumotifleri.org.tr\/index.php\/wp-json\/wp\/v2\/comments?post=554"}],"version-history":[{"count":1,"href":"https:\/\/anadolumotifleri.org.tr\/index.php\/wp-json\/wp\/v2\/pages\/554\/revisions"}],"predecessor-version":[{"id":555,"href":"https:\/\/anadolumotifleri.org.tr\/index.php\/wp-json\/wp\/v2\/pages\/554\/revisions\/555"}],"wp:attachment":[{"href":"https:\/\/anadolumotifleri.org.tr\/index.php\/wp-json\/wp\/v2\/media?parent=554"}],"curies":[{"name":"wp","href":"https:\/\/api.w.org\/{rel}","templated":true}]}}