{"id":617,"date":"2025-11-26T10:45:15","date_gmt":"2025-11-26T10:45:15","guid":{"rendered":"https:\/\/anadolumotifleri.org.tr\/?page_id=617"},"modified":"2026-04-10T10:43:11","modified_gmt":"2026-04-10T10:43:11","slug":"bildiri-ozeti-gonderimi","status":"publish","type":"page","link":"https:\/\/anadolumotifleri.org.tr\/index.php\/en\/bildiri-ozeti-gonderimi\/","title":{"rendered":"Bildiri \u00d6zeti G\u00f6nderimi"},"content":{"rendered":"\n<ul class=\"wp-block-list\">\n<li>Son tarih: <strong>01 Mart 2026<\/strong><\/li>\n\n\n\n<li>\u00d6zetler sempozyum ana temalar\u0131yla uyumlu olmal\u0131d\u0131r.<\/li>\n\n\n\n<li>Bildiri \u00f6zetlerinin de\u011ferlendirme sonu\u00e7lar\u0131, bildiri \u00f6zeti g\u00f6nderimi s\u0131ras\u0131nda belirtilen e-posta adresine 15 Mart 2026 tarihinde g\u00f6nderilecektir.<\/li>\n<\/ul>\n\n\n\n<p><\/p>\n\n\n\n<div class=\"wp-block-file\"><a id=\"wp-block-file--media-4774d741-c695-4535-bb01-f7f54e2528af\" href=\"https:\/\/anadolumotifleri.org.tr\/wp-content\/uploads\/2026\/04\/ORNEK_OZET_SABLON-TR_ENG.docx\">\u00d6RNEK_\u00d6ZET_\u015eABLON TR_ENG<\/a><a href=\"https:\/\/anadolumotifleri.org.tr\/wp-content\/uploads\/2026\/04\/ORNEK_OZET_SABLON-TR_ENG.docx\" class=\"wp-block-file__button wp-element-button\" download aria-describedby=\"wp-block-file--media-4774d741-c695-4535-bb01-f7f54e2528af\">\u0130ndir<\/a><\/div>\n\n\n\n<div class=\"wp-block-buttons is-layout-flex wp-block-buttons-is-layout-flex\">\n<div class=\"wp-block-button\"><a class=\"wp-block-button__link wp-element-button\" href=\"https:\/\/konferansyonetimi.org\/event\/3\/\" target=\"_blank\" rel=\"noreferrer noopener\">Bildiri G\u00d6NDER<\/a><\/div>\n<\/div>\n\n\n\n<p><\/p>\n","protected":false},"excerpt":{"rendered":"","protected":false},"author":1,"featured_media":0,"parent":0,"menu_order":0,"comment_status":"closed","ping_status":"closed","template":"","meta":{"footnotes":""},"class_list":["post-617","page","type-page","status-publish","hentry"],"_links":{"self":[{"href":"https:\/\/anadolumotifleri.org.tr\/index.php\/wp-json\/wp\/v2\/pages\/617","targetHints":{"allow":["GET"]}}],"collection":[{"href":"https:\/\/anadolumotifleri.org.tr\/index.php\/wp-json\/wp\/v2\/pages"}],"about":[{"href":"https:\/\/anadolumotifleri.org.tr\/index.php\/wp-json\/wp\/v2\/types\/page"}],"author":[{"embeddable":true,"href":"https:\/\/anadolumotifleri.org.tr\/index.php\/wp-json\/wp\/v2\/users\/1"}],"replies":[{"embeddable":true,"href":"https:\/\/anadolumotifleri.org.tr\/index.php\/wp-json\/wp\/v2\/comments?post=617"}],"version-history":[{"count":9,"href":"https:\/\/anadolumotifleri.org.tr\/index.php\/wp-json\/wp\/v2\/pages\/617\/revisions"}],"predecessor-version":[{"id":974,"href":"https:\/\/anadolumotifleri.org.tr\/index.php\/wp-json\/wp\/v2\/pages\/617\/revisions\/974"}],"wp:attachment":[{"href":"https:\/\/anadolumotifleri.org.tr\/index.php\/wp-json\/wp\/v2\/media?parent=617"}],"curies":[{"name":"wp","href":"https:\/\/api.w.org\/{rel}","templated":true}]}}