{"id":62,"date":"2025-10-17T19:39:29","date_gmt":"2025-10-17T19:39:29","guid":{"rendered":"http:\/\/bilisimdunyasi.org.tr\/toplanti\/?page_id=62"},"modified":"2025-12-02T20:28:29","modified_gmt":"2025-12-02T20:28:29","slug":"ulasim","status":"publish","type":"page","link":"https:\/\/anadolumotifleri.org.tr\/index.php\/en\/ulasim\/","title":{"rendered":"Ula\u015f\u0131m"},"content":{"rendered":"\n<h4 class=\"wp-block-heading\"><strong>MERS\u0130N\u2019E ULA\u015eIM REHBER\u0130<\/strong><\/h4>\n\n\n\n<h6 class=\"wp-block-heading\"><strong>1. T\u00dcRK\u0130YE \u0130\u00c7\u0130NDEN MERS\u0130N&#8217;E ULA\u015eIM<\/strong><\/h6>\n\n\n\n<h6 class=\"wp-block-heading\"><strong>Hava Yolu<\/strong><\/h6>\n\n\n\n<p><strong>\u00c7ukurova B\u00f6lgesel Havaliman\u0131<\/strong>: Karsavran, Karsavran Sokak No:65\/A, 33000 Tarsus\/Mersin, T\u00fcrkiye<\/p>\n\n\n\n<div class=\"wp-block-buttons is-layout-flex wp-block-buttons-is-layout-flex\">\n<div class=\"wp-block-button\"><a class=\"wp-block-button__link wp-element-button\" href=\"https:\/\/maps.google.com\/maps\/dir\/\/%C3%87ukurova+Uluslararas%C4%B1+Havaliman%C4%B1+Karsavran+Karsavran+Sokak+No:65%2FA+33000+Tarsus%2FMersin\/@36.8988073,35.0682999,13z\/data=!4m5!4m4!1m0!1m2!1m1!1s0x1527d702f7e8eafd:0x3c3cfde1887bd72a\" style=\"border-radius:50px\" target=\"_blank\" rel=\"noreferrer noopener\">Yol Tarifi<\/a><\/div>\n<\/div>\n\n\n\n<p>Mersin\u2019in kendi havaliman\u0131 yoktur; kente hava yolu ile ula\u015f\u0131m&nbsp;<strong>\u00c7ukurova B\u00f6lgesel Havaliman\u0131<\/strong>&nbsp;\u00fczerinden sa\u011flan\u0131r.<\/p>\n\n\n\n<p><strong>\u2022 \u00c7ukurova B\u00f6lgesel Havaliman\u0131<\/strong><br>Mersin\u2019e yakla\u015f\u0131k&nbsp;<strong>40\u201345 km<\/strong>&nbsp;uzakl\u0131ktad\u0131r. \u0130\u00e7 hatlarda ve giderek geni\u015fleyen d\u0131\u015f hatlarda u\u00e7u\u015flar bulunmaktad\u0131r.<br>Havaliman\u0131ndan Mersin\u2019e ula\u015f\u0131m:<\/p>\n\n\n\n<ul class=\"wp-block-list\">\n<li>Havaliman\u0131 servisleri<\/li>\n\n\n\n<li>\u00d6zel ara\u00e7 \/ taksi<\/li>\n\n\n\n<li>Otob\u00fcs<\/li>\n<\/ul>\n\n\n\n<hr class=\"wp-block-separator has-alpha-channel-opacity\"\/>\n\n\n\n<h6 class=\"wp-block-heading\"><strong>\u00a0Kara Yolu (Otob\u00fcs)<\/strong><\/h6>\n\n\n\n<p><strong>Mersin \u015eehirleraras\u0131 Otob\u00fcs Terminali (ME\u015eOT)<\/strong>: Korukent, 33230 Toroslar\/Mersin, T\u00fcrkiye<\/p>\n\n\n\n<div class=\"wp-block-buttons is-layout-flex wp-block-buttons-is-layout-flex\">\n<div class=\"wp-block-button\"><a class=\"wp-block-button__link wp-element-button\" href=\"https:\/\/maps.app.goo.gl\/4Ewfb2PVdJLuJNT98\" style=\"border-radius:100px\" target=\"_blank\" rel=\"noreferrer noopener\">Yol Tarifi<\/a><\/div>\n<\/div>\n\n\n\n<p>T\u00fcrkiye\u2019nin pek \u00e7ok \u015fehrinden Mersin\u2019e&nbsp;<strong>direkt otob\u00fcs seferleri<\/strong>&nbsp;yap\u0131lmaktad\u0131r.<\/p>\n\n\n\n<ul class=\"wp-block-list\">\n<li>\u0130stanbul \u2192 Mersin (11\u201312 saat)<\/li>\n\n\n\n<li>Ankara \u2192 Mersin (6\u20137 saat)<\/li>\n\n\n\n<li>Antalya \u2192 Mersin (9\u201310 saat)<\/li>\n\n\n\n<li>Gaziantep \u2192 Mersin (4\u20135 saat)<\/li>\n<\/ul>\n\n\n\n<p>Ana var\u0131\u015f noktas\u0131 Mersin \u015eehirleraras\u0131 Otob\u00fcs Terminali (ME\u015eOT)\u2019tur.<\/p>\n\n\n\n<hr class=\"wp-block-separator has-alpha-channel-opacity\"\/>\n\n\n\n<h6 class=\"wp-block-heading\"><strong>\u00d6zel Ara\u00e7<\/strong><\/h6>\n\n\n\n<p>Mersin, ana karayollar\u0131 \u00fczerinden T\u00fcrkiye\u2019nin bir\u00e7ok b\u00f6lgesine rahat\u00e7a ba\u011flan\u0131r.<\/p>\n\n\n\n<ul class=\"wp-block-list\">\n<li>O-52 \/ D-400 Karayolu \u00fczerinden Adana, Osmaniye, Hatay ve Gaziantep y\u00f6n\u00fcnden<\/li>\n\n\n\n<li>Antalya y\u00f6n\u00fcnden sahil yolu<\/li>\n\n\n\n<li>Konya ve \u0130\u00e7 Anadolu\u2019dan Sertavul ge\u00e7idi \u00fczerinden ula\u015f\u0131m sa\u011flanabilir.<\/li>\n<\/ul>\n\n\n\n<hr class=\"wp-block-separator has-alpha-channel-opacity\"\/>\n\n\n\n<h6 class=\"wp-block-heading\"><strong>2. D\u00dcNYA GENEL\u0130NDEN MERS\u0130N&#8217;E ULA\u015eIM<\/strong><\/h6>\n\n\n\n<h6 class=\"wp-block-heading\"><strong>&nbsp;Uluslararas\u0131 U\u00e7u\u015flar<\/strong><\/h6>\n\n\n\n<p>Mersin\u2019e yurt d\u0131\u015f\u0131ndan ula\u015f\u0131m&nbsp;<strong>\u00c7ukurova B\u00f6lgesel Havaliman\u0131<\/strong>&nbsp;\u00fczerinden ger\u00e7ekle\u015fir.<\/p>\n\n\n\n<p>Yurt d\u0131\u015f\u0131ndan genellikle \u00f6nce T\u00fcrkiye\u2019deki b\u00fcy\u00fck havalimanlar\u0131na u\u00e7ularak ba\u011flant\u0131 yap\u0131l\u0131r:<\/p>\n\n\n\n<p><strong>Avrupa\u2019dan:<\/strong><\/p>\n\n\n\n<ul class=\"wp-block-list\">\n<li>\u0130stanbul<\/li>\n\n\n\n<li>Ankara<\/li>\n\n\n\n<li>\u0130zmir<br>(Ard\u0131ndan Mersin\u2019e \u00c7ukurova Havaliman\u0131 aktarmas\u0131)<\/li>\n<\/ul>\n\n\n\n<p><strong>Orta Do\u011fu\u2019dan:<\/strong><\/p>\n\n\n\n<ul class=\"wp-block-list\">\n<li>\u0130stanbul<\/li>\n\n\n\n<li>Ankara<\/li>\n\n\n\n<li>Zaman zaman mevsimsel olarak \u00c7ukurova Havaliman\u0131\u2019na direkt u\u00e7u\u015flar<\/li>\n<\/ul>\n\n\n\n<p><strong>Asya ve Amerika\u2019dan:<\/strong><br>B\u00fcy\u00fck ihtimalle \u0130stanbul Havaliman\u0131 \u00fczerinden aktarmal\u0131 olarak T\u00fcrkiye\u2019ye giri\u015f yap\u0131l\u0131r, ard\u0131ndan i\u00e7 hat u\u00e7u\u015fu ile \u00c7ukurova Havaliman\u0131\u2019na ge\u00e7ilir \u2192 kara yolu ile Mersin\u2019e ula\u015f\u0131l\u0131r.<\/p>\n\n\n\n<hr class=\"wp-block-separator has-alpha-channel-opacity\"\/>\n\n\n\n<h6 class=\"wp-block-heading\"><strong>&nbsp;Deniz Yolu<\/strong><\/h6>\n\n\n\n<p>Mersin Uluslararas\u0131 Liman\u0131, Akdeniz\u2019in en b\u00fcy\u00fck limanlar\u0131ndan biridir.<\/p>\n\n\n\n<p>Mersin\u2019e 90 km uzakl\u0131ktaki Ta\u015fucu Liman\u0131\u2019ndan&nbsp;<strong>KKTC\u2019ye d\u00fczenli feribot seferleri<\/strong><\/p>\n\n\n\n<p><\/p>\n\n\n\n<p><\/p>\n","protected":false},"excerpt":{"rendered":"<p>MERS\u0130N\u2019E ULA\u015eIM REHBER\u0130 1. T\u00dcRK\u0130YE \u0130\u00c7\u0130NDEN MERS\u0130N&#8217;E ULA\u015eIM Hava Yolu \u00c7ukurova B\u00f6lgesel Havaliman\u0131: Karsavran, Karsavran Sokak No:65\/A, 33000 Tarsus\/Mersin, T\u00fcrkiye Mersin\u2019in kendi havaliman\u0131 yoktur; kente hava yolu ile ula\u015f\u0131m&nbsp;\u00c7ukurova B\u00f6lgesel Havaliman\u0131&nbsp;\u00fczerinden sa\u011flan\u0131r. \u2022 \u00c7ukurova B\u00f6lgesel Havaliman\u0131Mersin\u2019e yakla\u015f\u0131k&nbsp;40\u201345 km&nbsp;uzakl\u0131ktad\u0131r. \u0130\u00e7 hatlarda ve giderek geni\u015fleyen d\u0131\u015f hatlarda u\u00e7u\u015flar bulunmaktad\u0131r.Havaliman\u0131ndan Mersin\u2019e ula\u015f\u0131m: \u00a0Kara Yolu (Otob\u00fcs) Mersin \u015eehirleraras\u0131 Otob\u00fcs [&hellip;]<\/p>\n","protected":false},"author":1,"featured_media":0,"parent":0,"menu_order":0,"comment_status":"closed","ping_status":"closed","template":"","meta":{"footnotes":""},"class_list":["post-62","page","type-page","status-publish","hentry"],"_links":{"self":[{"href":"https:\/\/anadolumotifleri.org.tr\/index.php\/wp-json\/wp\/v2\/pages\/62","targetHints":{"allow":["GET"]}}],"collection":[{"href":"https:\/\/anadolumotifleri.org.tr\/index.php\/wp-json\/wp\/v2\/pages"}],"about":[{"href":"https:\/\/anadolumotifleri.org.tr\/index.php\/wp-json\/wp\/v2\/types\/page"}],"author":[{"embeddable":true,"href":"https:\/\/anadolumotifleri.org.tr\/index.php\/wp-json\/wp\/v2\/users\/1"}],"replies":[{"embeddable":true,"href":"https:\/\/anadolumotifleri.org.tr\/index.php\/wp-json\/wp\/v2\/comments?post=62"}],"version-history":[{"count":8,"href":"https:\/\/anadolumotifleri.org.tr\/index.php\/wp-json\/wp\/v2\/pages\/62\/revisions"}],"predecessor-version":[{"id":896,"href":"https:\/\/anadolumotifleri.org.tr\/index.php\/wp-json\/wp\/v2\/pages\/62\/revisions\/896"}],"wp:attachment":[{"href":"https:\/\/anadolumotifleri.org.tr\/index.php\/wp-json\/wp\/v2\/media?parent=62"}],"curies":[{"name":"wp","href":"https:\/\/api.w.org\/{rel}","templated":true}]}}